{"id":1741,"date":"2024-10-14T11:55:13","date_gmt":"2024-10-14T08:55:13","guid":{"rendered":"https:\/\/ste-coexistence-toolbox.info\/?page_id=1741"},"modified":"2024-10-14T11:55:13","modified_gmt":"2024-10-14T08:55:13","slug":"boite-a-outils-pour-favoriser-la-coexistence-homme-elephant-hec","status":"publish","type":"page","link":"https:\/\/ste-coexistence-toolbox.info\/en\/boite-a-outils-pour-favoriser-la-coexistence-homme-elephant-hec\/","title":{"rendered":"BO\u00ceTE \u00c0 OUTILS POUR FAVORISER LA COEXISTENCE HOMME-\u00c9L\u00c9PHANT (HEC)"},"content":{"rendered":"\n<p><\/p>\n\n\n\n\n","protected":false},"excerpt":{"rendered":"","protected":false},"author":3,"featured_media":0,"parent":0,"menu_order":0,"comment_status":"closed","ping_status":"closed","template":"","meta":{"_acf_changed":false,"_themeisle_gutenberg_block_has_review":false,"footnotes":""},"class_list":["post-1741","page","type-page","status-publish","hentry"],"acf":[],"_links":{"self":[{"href":"https:\/\/ste-coexistence-toolbox.info\/en\/wp-json\/wp\/v2\/pages\/1741","targetHints":{"allow":["GET"]}}],"collection":[{"href":"https:\/\/ste-coexistence-toolbox.info\/en\/wp-json\/wp\/v2\/pages"}],"about":[{"href":"https:\/\/ste-coexistence-toolbox.info\/en\/wp-json\/wp\/v2\/types\/page"}],"author":[{"embeddable":true,"href":"https:\/\/ste-coexistence-toolbox.info\/en\/wp-json\/wp\/v2\/users\/3"}],"replies":[{"embeddable":true,"href":"https:\/\/ste-coexistence-toolbox.info\/en\/wp-json\/wp\/v2\/comments?post=1741"}],"version-history":[{"count":1,"href":"https:\/\/ste-coexistence-toolbox.info\/en\/wp-json\/wp\/v2\/pages\/1741\/revisions"}],"predecessor-version":[{"id":2963,"href":"https:\/\/ste-coexistence-toolbox.info\/en\/wp-json\/wp\/v2\/pages\/1741\/revisions\/2963"}],"wp:attachment":[{"href":"https:\/\/ste-coexistence-toolbox.info\/en\/wp-json\/wp\/v2\/media?parent=1741"}],"curies":[{"name":"wp","href":"https:\/\/api.w.org\/{rel}","templated":true}]}}