{"id":1744,"date":"2022-11-16T06:26:56","date_gmt":"2022-11-16T03:26:56","guid":{"rendered":"https:\/\/ste-coexistence-toolbox.info\/?page_id=1744"},"modified":"2022-11-20T09:13:33","modified_gmt":"2022-11-20T06:13:33","slug":"boite-a-outils-pour-favoriser-la-coexistence-homme-elephant-hec","status":"publish","type":"page","link":"https:\/\/ste-coexistence-toolbox.info\/fr\/boite-a-outils-pour-favoriser-la-coexistence-homme-elephant-hec\/","title":{"rendered":"Bo\u00eete \u00c0 Outils Pour Favoriser La Coexistence Homme-\u00c9l\u00e9phant (Hec)"},"content":{"rendered":"\n<div class=\"wp-block-pdfb-pdf-block\" style=\"height:1015px\"><iframe loading=\"lazy\" src=\"https:\/\/ste-coexistence-toolbox.info\/wp-content\/uploads\/2022\/11\/HEC%20Toolbox%20in%20French_Final.pdf\" width=\"100%\" height=\"100%\"><\/iframe><\/div>\n","protected":false},"excerpt":{"rendered":"","protected":false},"author":3,"featured_media":0,"parent":0,"menu_order":0,"comment_status":"closed","ping_status":"closed","template":"","meta":{"_acf_changed":false,"_themeisle_gutenberg_block_has_review":false,"footnotes":""},"class_list":["post-1744","page","type-page","status-publish","hentry"],"acf":[],"_links":{"self":[{"href":"https:\/\/ste-coexistence-toolbox.info\/fr\/wp-json\/wp\/v2\/pages\/1744","targetHints":{"allow":["GET"]}}],"collection":[{"href":"https:\/\/ste-coexistence-toolbox.info\/fr\/wp-json\/wp\/v2\/pages"}],"about":[{"href":"https:\/\/ste-coexistence-toolbox.info\/fr\/wp-json\/wp\/v2\/types\/page"}],"author":[{"embeddable":true,"href":"https:\/\/ste-coexistence-toolbox.info\/fr\/wp-json\/wp\/v2\/users\/3"}],"replies":[{"embeddable":true,"href":"https:\/\/ste-coexistence-toolbox.info\/fr\/wp-json\/wp\/v2\/comments?post=1744"}],"version-history":[{"count":2,"href":"https:\/\/ste-coexistence-toolbox.info\/fr\/wp-json\/wp\/v2\/pages\/1744\/revisions"}],"predecessor-version":[{"id":1747,"href":"https:\/\/ste-coexistence-toolbox.info\/fr\/wp-json\/wp\/v2\/pages\/1744\/revisions\/1747"}],"wp:attachment":[{"href":"https:\/\/ste-coexistence-toolbox.info\/fr\/wp-json\/wp\/v2\/media?parent=1744"}],"curies":[{"name":"wp","href":"https:\/\/api.w.org\/{rel}","templated":true}]}}