{"id":1780,"date":"2022-03-24T03:44:50","date_gmt":"2022-03-24T00:44:50","guid":{"rendered":"https:\/\/ste-coexistence-toolbox.info\/home\/"},"modified":"2024-11-07T09:47:30","modified_gmt":"2024-11-07T06:47:30","slug":"accueil","status":"publish","type":"page","link":"https:\/\/ste-coexistence-toolbox.info\/fr\/","title":{"rendered":"Accueil"},"content":{"rendered":"<ul>\n<li>\n<p>        <img decoding=\"async\" src=\"\/wp-content\/uploads\/2024\/07\/Elephants-coming-out-of-forest-and-past-house-ICCP-copy.png\" alt=\"\"><\/p>\n<h3>Intro<\/h3>\n<\/li>\n<li>\n<p>        <img decoding=\"async\" src=\"\/wp-content\/uploads\/2024\/07\/front-page-edited-scaled.jpg\" alt=\"\"><\/p>\n<h3>HEC Toolbox<\/h3>\n<\/li>\n<\/ul>\n<h1>\n<h1 style=\"text-align: center;\"><strong>BO\u00ceTE \u00c0 OUTILS POUR FAVORISER LA COEXISTENCE HOMME-\u00c9L\u00c9PHANT.<br \/><\/strong><br \/>CONSEILS, ACTIONS ET OUTILS POUR LIMITER LES CONFLITS AVEC LES \u00c9L\u00c9PHANTS.<\/h1>\n<\/p>\n<\/h1>\n<ul>\n<li>\n<p><img decoding=\"async\" src=\"\/wp-content\/uploads\/2022\/03\/Human-and-elephant-near-home-FPS-.png\" alt=\"\"><\/p>\n<h3>COMPRENDRE LE CONFLIT<\/h3>\n<div>\n<div class=\"et_pb_module et_pb_text et_pb_text_1 et_pb_text_align_left et_pb_bg_layout_light\">\n<div class=\"et_pb_text_inner\">\n<p>Passez beaucoup de temps avec les membres de la communaut\u00e9 qui sont en conflit avec les \u00e9l\u00e9phants. Combien de conflits se produisent et dans quel laps de temps? Est-ce que ce sont des \u00e9v\u00e9nements quotidiens ou les \u00e9l\u00e9phants viennent-ils uniquement au cours de certains mois? Les conflits ont-ils lieu le jour ou la nuit? Est-ce que ce sont des m\u00e2les solitaires ou des troupeaux? De qui les communaut\u00e9s attendent t-elles de l&rsquo;aide au cours de ces conflits? Y a-t-il un conflit sous-jacent entre la communaut\u00e9 et le d\u00e9partement de la faune?<\/p>\n<p>En \u00e9tablissant la fr\u00e9quence, l&rsquo;intensit\u00e9 et la source du conflit, vous pouvez commencer \u00e0 identifier quelles ressources et niveau de budget seront n\u00e9cessaires pour r\u00e9soudre le probl\u00e8me. Tout d&rsquo;abord, pourquoi les \u00e9l\u00e9phants s&rsquo;invitent-ils dans les fermes ou propri\u00e9t\u00e9s? Recherchent-ils de la nourriture ou de l&rsquo;eau? Les fermiers les attirent-ils en cultivant des r\u00e9coltes qu&rsquo;ils aiment manger? Ou les fermes ou propri\u00e9t\u00e9s bloquent-elles la route migratoire naturelle des \u00e9l\u00e9phants?<\/p>\n<p>Il est possible de r\u00e9duire la situation de conflit \u00e0 la source en s&rsquo;assurant que les \u00e9l\u00e9phants ont acc\u00e8s \u00e0 une source d&rsquo;eau, peuvent entrer et sortir librement d&rsquo;une zone de buissons pour se nourrir, ou d&rsquo;identifier et d\u00e9placer une cl\u00f4ture qui bloque un passage de migration de naturelle.<\/p>\n<p>Des perturbations \u00e0 l&rsquo;int\u00e9rieur d&rsquo;un parc national voisin (comme du b\u00e9tail paissant \u00e0 l&rsquo;int\u00e9rieur du parc) peuvent aussi repousser les \u00e9l\u00e9phants vers les communaut\u00e9s. En identifiant et en supprimant toutes les structures ou raisons d&rsquo;origine humaine \u00e0 l&rsquo;origine du conflit, on peut r\u00e9duire le conflit sur le long terme. Demandez \u00e0 la communaut\u00e9 de cartographier les d\u00e9placements des \u00e9l\u00e9phants autour de la zone de conflit ; par exemple, si les \u00e9l\u00e9phants p\u00e9n\u00e8trent dans l&rsquo;enceinte d&rsquo;une \u00e9cole, demandez \u00e0 un enseignant de faire un plan du site et d&rsquo;y dessiner l&rsquo;itin\u00e9raire emprunt\u00e9 par les \u00e9l\u00e9phants causant des d\u00e9g\u00e2ts.<\/p>\n<p>Vous trouverez peut-\u00eatre un point faible dans la protection du p\u00e9rim\u00e8tre qui n\u00e9cessite d&rsquo;y investir particuli\u00e8rement dans des mesures de dissuasion. N&rsquo;utilisez pas des ressources d\u00e9j\u00e0 limit\u00e9es pour les c\u00f4t\u00e9s du p\u00e9rim\u00e8tre prot\u00e9g\u00e9 par lesquelles les \u00e9l\u00e9phants ne p\u00e9n\u00e8trent pas. Utilisez ces plans pour garder une trace des \u00e9v\u00e9nements et comparez le comportement avant \/ apr\u00e8s suite \u00e0 la pose d&rsquo;une barri\u00e8re.<\/p>\n<\/div>\n<\/div>\n<\/div>\n<p><a href=\"\/toolbox-index\">En savoir plus<\/a><\/p>\n<\/li>\n<li>\n<p><img decoding=\"async\" src=\"\/wp-content\/uploads\/2022\/03\/Elephants-as-key-stone-species-EESE.png\" alt=\"\"><\/p>\n<h3>D\u00c9FINIR VOTRE TEMPS ET VOS RESSOURCES FINANCI\u00c8RES<\/h3>\n<div>\n<p>Une fois que le lieu du conflit est identifi\u00e9 et que toutes les solutions imm\u00e9diates pour lib\u00e9rer le passage de migration naturelle des \u00e9l\u00e9phants ont \u00e9t\u00e9 \u00e9limin\u00e9es, tentez de d\u00e9terminer les ressources en temps ou en main-d&rsquo;oeuvre dont dispose la personne.<\/p>\n<p>En \u00e9tudiant un budget, pensez \u00e0 :<\/p>\n<ol>\n<li>a)\u00a0Achats initiaux et frais de transport du mat\u00e9riel<\/li>\n<li>b)\u00a0Co\u00fbt de la main-d&rsquo;\u0153uvre pour installer l&rsquo;\u00e9l\u00e9ment dissuasif<\/li>\n<li>c)\u00a0Co\u00fbts de maintenance et de gestion dans le futur<\/li>\n<\/ol>\n<p>Si la personne n&rsquo;a pas beaucoup de temps (par exemple si il travaille loin de sa ferme ou de sa plantation d&rsquo;arbres) cette personne devra typiquement se pr\u00e9parer \u00e0 d\u00e9penser plus d&rsquo;argent dans la dissuasion des \u00e9l\u00e9phants d&rsquo;approcher du lieu de conflit. Si une personne est fermier \u00e0 temps plein ou agronome cultivant des arbres, elle devrait \u00eatre en mesure d&rsquo;accorder plus de temps et moins de revenus aux dispositifs dissuasifs si elle vit et travaille sur place et est capable de r\u00e9agir imm\u00e9diatement \u00e0 des \u00e9l\u00e9phants en approche.<\/p>\n<p>Soyez prudent dans l&rsquo;incitation \u00e0 faire appel \u00e0 des pr\u00eats co\u00fbteux pour la construction d&rsquo;\u00e9l\u00e9ments dissuasifs pour des fermes, propri\u00e9t\u00e9s ou r\u00e9servoirs d&rsquo;eau. Si le fermier n&rsquo;a pas les ressources r\u00e9guli\u00e8res pour entretenir cette m\u00e9thode dissuasive, elle peut rapidement \u00eatre d\u00e9labr\u00e9e, inutile et un investissement gaspill\u00e9.<\/p>\n<p>Aidez le \u00e0 choisir une combinaison de m\u00e9thodes abordables dont vous savez qu&rsquo;il peut les maintenir sur le long terme. Photocopiez ou t\u00e9l\u00e9chargez et imprimez les fiches m\u00e9thodes et confiez les au fermier.<\/p>\n<\/div>\n<p><a href=\"\/toolbox-index\">En savoir plus<\/a><\/p>\n<\/li>\n<li>\n<p><img decoding=\"async\" src=\"\/wp-content\/uploads\/2022\/03\/People-chasing-out-elephant-AD-27-1-2022-web.png\" alt=\"\"><\/p>\n<h3>PRIVIL\u00c9GIER LE CHANGEMENT DU COMPORTEMENT HUMAIN<\/h3>\n<div>\n<p>Il est difficile de modifier le comportement des \u00e9l\u00e9phants ou les routes migratoires des \u00e9l\u00e9phants qui sont en place depuis des d\u00e9cennies.<\/p>\n<p>Cependant, encourager le changement de comportement et \u00e9duquer les membres des communaut\u00e9s quand de nouveaux d\u00e9veloppements sont planifi\u00e9s est une t\u00e2che plus r\u00e9alisable.<\/p>\n<p>Quand vous utilisez ce guide, commencez <strong>par le chapitre 1 &#8211; Comprendre les \u00e9l\u00e9phants<\/strong>. Cette information aidera \u00e0 \u00e9duquer les membres des communaut\u00e9s, les enseignants, les enfants et les responsables de la planification de l&rsquo;occupation des sols sur pourquoi les \u00e9l\u00e9phants se comportent comme ils le font, pourquoi ils sont importants pour notre \u00e9cosyst\u00e8me, et pourquoi certaines interactions n\u00e9gatives se produisent initialement.<\/p>\n<\/div>\n<p><a href=\"\/toolbox-index\">En savoir plus<\/a><\/p>\n<\/li>\n<\/ul>\n<p><!--more--><br \/>\n<!-- {\"type\":\"layout\",\"children\":[{\"type\":\"section\",\"props\":{\"image_position\":\"center-center\",\"style\":\"default\",\"title\":\"Landing\",\"title_breakpoint\":\"xl\",\"title_position\":\"top-left\",\"title_rotation\":\"left\",\"vertical_align\":\"\",\"width\":\"default\"},\"children\":[{\"type\":\"row\",\"children\":[{\"type\":\"column\",\"props\":{\"image_position\":\"center-center\",\"position_sticky_breakpoint\":\"m\"},\"children\":[{\"type\":\"slideshow\",\"props\":{\"link_style\":\"default\",\"link_text\":\"Read more\",\"margin\":\"default\",\"meta_align\":\"below-title\",\"meta_element\":\"div\",\"meta_style\":\"text-meta\",\"nav\":\"thumbnav\",\"nav_align\":\"center\",\"nav_below\":true,\"nav_breakpoint\":\"s\",\"nav_position\":\"bottom-center\",\"nav_position_margin\":\"medium\",\"overlay_animation\":\"parallax\",\"overlay_position\":\"center-left\",\"show_content\":true,\"show_link\":false,\"show_meta\":false,\"show_thumbnail\":false,\"show_title\":false,\"slidenav\":\"default\",\"slidenav_breakpoint\":\"s\",\"slidenav_margin\":\"medium\",\"slidenav_outside_breakpoint\":\"xl\",\"slideshow_animation\":\"pull\",\"slideshow_autoplay\":true,\"slideshow_autoplay_pause\":true,\"slideshow_kenburns\":\"alternate\",\"slideshow_min_height\":300,\"thumbnav_height\":\"75\",\"thumbnav_svg_color\":\"emphasis\",\"thumbnav_width\":\"100\",\"title_element\":\"h3\"},\"children\":[{\"type\":\"slideshow_item\",\"props\":{\"image\":\"wp-content\\\/uploads\\\/2024\\\/07\\\/Elephants-coming-out-of-forest-and-past-house-ICCP-copy.png\",\"title\":\"Intro\"}},{\"type\":\"slideshow_item\",\"props\":{\"image\":\"wp-content\\\/uploads\\\/2024\\\/07\\\/front-page-edited-scaled.jpg\",\"title\":\"HEC Toolbox\"}}]}]}]},{\"type\":\"row\",\"children\":[{\"type\":\"column\",\"props\":{\"image_position\":\"center-center\",\"position_sticky_breakpoint\":\"m\"},\"children\":[{\"type\":\"divider\",\"props\":{\"divider_element\":\"div\",\"divider_style\":\"icon\",\"position\":\"absolute\"}}]}]}]},{\"type\":\"section\",\"props\":{\"image_position\":\"center-center\",\"style\":\"default\",\"title\":\"Landing\",\"title_breakpoint\":\"xl\",\"title_position\":\"top-left\",\"title_rotation\":\"left\",\"vertical_align\":\"\",\"width\":\"default\"},\"children\":[{\"type\":\"row\",\"children\":[{\"type\":\"column\",\"props\":{\"image_position\":\"center-center\",\"position_sticky_breakpoint\":\"m\"},\"children\":[{\"type\":\"headline\",\"props\":{\"content\":\"\n\n<h1 style=\\\"text-align: center;\\\"><strong>BO\\u00ceTE \\u00c0 OUTILS POUR FAVORISER LA COEXISTENCE HOMME-\\u00c9L\\u00c9PHANT.<br \\\/><\\\/strong><br \\\/>CONSEILS, ACTIONS ET OUTILS POUR LIMITER LES CONFLITS AVEC LES \\u00c9L\\u00c9PHANTS.<\\\/h1>\\n\n\n<p><\\\/p>\",\"title_element\":\"h1\"}}]}]},{\"type\":\"row\",\"children\":[{\"type\":\"column\",\"props\":{\"image_position\":\"center-center\",\"position_sticky_breakpoint\":\"m\"},\"children\":[{\"type\":\"panel-slider\",\"props\":{\"content_column_breakpoint\":\"m\",\"icon_width\":80,\"image_align\":\"top\",\"image_grid_breakpoint\":\"m\",\"image_grid_width\":\"1-2\",\"image_svg_color\":\"emphasis\",\"link_style\":\"default\",\"link_text\":\"En savoir plus\",\"margin\":\"default\",\"meta_align\":\"below-title\",\"meta_element\":\"div\",\"meta_style\":\"text-meta\",\"nav\":\"dotnav\",\"nav_align\":\"center\",\"nav_breakpoint\":\"s\",\"panel_match\":true,\"show_content\":true,\"show_image\":true,\"show_link\":true,\"show_meta\":true,\"show_title\":true,\"slidenav\":\"outside\",\"slidenav_breakpoint\":\"xl\",\"slidenav_margin\":\"medium\",\"slidenav_outside_breakpoint\":\"xl\",\"slider_autoplay_pause\":true,\"slider_gap\":\"default\",\"slider_width\":\"fixed\",\"slider_width_default\":\"1-1\",\"slider_width_medium\":\"1-3\",\"title_align\":\"top\",\"title_element\":\"h3\",\"title_grid_breakpoint\":\"m\",\"title_grid_width\":\"1-2\",\"title_hover_style\":\"reset\"},\"children\":[{\"type\":\"panel-slider_item\",\"props\":{\"content\":\"\n\n<div class=\\\"et_pb_module et_pb_text et_pb_text_1 et_pb_text_align_left et_pb_bg_layout_light\\\">\\n\n\n<div class=\\\"et_pb_text_inner\\\">\\n\n\n<p>Passez beaucoup de temps avec les membres de la communaut\\u00e9 qui sont en conflit avec les \\u00e9l\\u00e9phants. Combien de conflits se produisent et dans quel laps de temps? Est-ce que ce sont des \\u00e9v\\u00e9nements quotidiens ou les \\u00e9l\\u00e9phants viennent-ils uniquement au cours de certains mois? Les conflits ont-ils lieu le jour ou la nuit? Est-ce que ce sont des m\\u00e2les solitaires ou des troupeaux? De qui les communaut\\u00e9s attendent t-elles de l'aide au cours de ces conflits? Y a-t-il un conflit sous-jacent entre la communaut\\u00e9 et le d\\u00e9partement de la faune?<\\\/p>\\n\n\n<p>En \\u00e9tablissant la fr\\u00e9quence, l'intensit\\u00e9 et la source du conflit, vous pouvez commencer \\u00e0 identifier quelles ressources et niveau de budget seront n\\u00e9cessaires pour r\\u00e9soudre le probl\\u00e8me. Tout d'abord, pourquoi les \\u00e9l\\u00e9phants s'invitent-ils dans les fermes ou propri\\u00e9t\\u00e9s? Recherchent-ils de la nourriture ou de l'eau? Les fermiers les attirent-ils en cultivant des r\\u00e9coltes qu'ils aiment manger? Ou les fermes ou propri\\u00e9t\\u00e9s bloquent-elles la route migratoire naturelle des \\u00e9l\\u00e9phants?<\\\/p>\\n\n\n<p>Il est possible de r\\u00e9duire la situation de conflit \\u00e0 la source en s'assurant que les \\u00e9l\\u00e9phants ont acc\\u00e8s \\u00e0 une source d'eau, peuvent entrer et sortir librement d'une zone de buissons pour se nourrir, ou d'identifier et d\\u00e9placer une cl\\u00f4ture qui bloque un passage de migration de naturelle.<\\\/p>\\n\n\n<p>Des perturbations \\u00e0 l'int\\u00e9rieur d'un parc national voisin (comme du b\\u00e9tail paissant \\u00e0 l'int\\u00e9rieur du parc) peuvent aussi repousser les \\u00e9l\\u00e9phants vers les communaut\\u00e9s. En identifiant et en supprimant toutes les structures ou raisons d'origine humaine \\u00e0 l'origine du conflit, on peut r\\u00e9duire le conflit sur le long terme. Demandez \\u00e0 la communaut\\u00e9 de cartographier les d\\u00e9placements des \\u00e9l\\u00e9phants autour de la zone de conflit ; par exemple, si les \\u00e9l\\u00e9phants p\\u00e9n\\u00e8trent dans l'enceinte d'une \\u00e9cole, demandez \\u00e0 un enseignant de faire un plan du site et d'y dessiner l'itin\\u00e9raire emprunt\\u00e9 par les \\u00e9l\\u00e9phants causant des d\\u00e9g\\u00e2ts.<\\\/p>\\n\n\n<p>Vous trouverez peut-\\u00eatre un point faible dans la protection du p\\u00e9rim\\u00e8tre qui n\\u00e9cessite d'y investir particuli\\u00e8rement dans des mesures de dissuasion. N'utilisez pas des ressources d\\u00e9j\\u00e0 limit\\u00e9es pour les c\\u00f4t\\u00e9s du p\\u00e9rim\\u00e8tre prot\\u00e9g\\u00e9 par lesquelles les \\u00e9l\\u00e9phants ne p\\u00e9n\\u00e8trent pas. Utilisez ces plans pour garder une trace des \\u00e9v\\u00e9nements et comparez le comportement avant \\\/ apr\\u00e8s suite \\u00e0 la pose d'une barri\\u00e8re.<\\\/p>\\n<\\\/div>\\n<\\\/div>\",\"image\":\"wp-content\\\/uploads\\\/2022\\\/03\\\/Human-and-elephant-near-home-FPS-.png\",\"link\":\"toolbox-index\",\"title\":\"COMPRENDRE LE CONFLIT\"}},{\"type\":\"panel-slider_item\",\"props\":{\"content\":\"\n\n<p>Une fois que le lieu du conflit est identifi\\u00e9 et que toutes les solutions imm\\u00e9diates pour lib\\u00e9rer le passage de migration naturelle des \\u00e9l\\u00e9phants ont \\u00e9t\\u00e9 \\u00e9limin\\u00e9es, tentez de d\\u00e9terminer les ressources en temps ou en main-d'oeuvre dont dispose la personne.<\\\/p>\\n\n\n<p>En \\u00e9tudiant un budget, pensez \\u00e0 :<\\\/p>\\n\n\n<ol>\\n\n\n<li>a)\\u00a0Achats initiaux et frais de transport du mat\\u00e9riel<\\\/li>\\n\n\n<li>b)\\u00a0Co\\u00fbt de la main-d'\\u0153uvre pour installer l'\\u00e9l\\u00e9ment dissuasif<\\\/li>\\n\n\n<li>c)\\u00a0Co\\u00fbts de maintenance et de gestion dans le futur<\\\/li>\\n<\\\/ol>\\n\n\n<p>Si la personne n'a pas beaucoup de temps (par exemple si il travaille loin de sa ferme ou de sa plantation d'arbres) cette personne devra typiquement se pr\\u00e9parer \\u00e0 d\\u00e9penser plus d'argent dans la dissuasion des \\u00e9l\\u00e9phants d'approcher du lieu de conflit. Si une personne est fermier \\u00e0 temps plein ou agronome cultivant des arbres, elle devrait \\u00eatre en mesure d'accorder plus de temps et moins de revenus aux dispositifs dissuasifs si elle vit et travaille sur place et est capable de r\\u00e9agir imm\\u00e9diatement \\u00e0 des \\u00e9l\\u00e9phants en approche.<\\\/p>\\n\n\n<p>Soyez prudent dans l'incitation \\u00e0 faire appel \\u00e0 des pr\\u00eats co\\u00fbteux pour la construction d'\\u00e9l\\u00e9ments dissuasifs pour des fermes, propri\\u00e9t\\u00e9s ou r\\u00e9servoirs d'eau. Si le fermier n'a pas les ressources r\\u00e9guli\\u00e8res pour entretenir cette m\\u00e9thode dissuasive, elle peut rapidement \\u00eatre d\\u00e9labr\\u00e9e, inutile et un investissement gaspill\\u00e9.<\\\/p>\\n\n\n<p>Aidez le \\u00e0 choisir une combinaison de m\\u00e9thodes abordables dont vous savez qu'il peut les maintenir sur le long terme. Photocopiez ou t\\u00e9l\\u00e9chargez et imprimez les fiches m\\u00e9thodes et confiez les au fermier.<\\\/p>\",\"image\":\"wp-content\\\/uploads\\\/2022\\\/03\\\/Elephants-as-key-stone-species-EESE.png\",\"link\":\"toolbox-index\",\"title\":\"D\\u00c9FINIR VOTRE TEMPS ET VOS RESSOURCES FINANCI\\u00c8RES\"}},{\"type\":\"panel-slider_item\",\"props\":{\"content\":\"\n\n<p>Il est difficile de modifier le comportement des \\u00e9l\\u00e9phants ou les routes migratoires des \\u00e9l\\u00e9phants qui sont en place depuis des d\\u00e9cennies.<\\\/p>\\n\n\n<p>Cependant, encourager le changement de comportement et \\u00e9duquer les membres des communaut\\u00e9s quand de nouveaux d\\u00e9veloppements sont planifi\\u00e9s est une t\\u00e2che plus r\\u00e9alisable.<\\\/p>\\n\n\n<p>Quand vous utilisez ce guide, commencez <strong>par le chapitre 1 - Comprendre les \\u00e9l\\u00e9phants<\\\/strong>. Cette information aidera \\u00e0 \\u00e9duquer les membres des communaut\\u00e9s, les enseignants, les enfants et les responsables de la planification de l'occupation des sols sur pourquoi les \\u00e9l\\u00e9phants se comportent comme ils le font, pourquoi ils sont importants pour notre \\u00e9cosyst\\u00e8me, et pourquoi certaines interactions n\\u00e9gatives se produisent initialement.<\\\/p>\",\"image\":\"wp-content\\\/uploads\\\/2022\\\/03\\\/People-chasing-out-elephant-AD-27-1-2022-web.png\",\"link\":\"toolbox-index\",\"title\":\"PRIVIL\\u00c9GIER LE CHANGEMENT DU COMPORTEMENT HUMAIN\"}}]}]}]},{\"type\":\"row\",\"children\":[{\"type\":\"column\",\"props\":{\"image_position\":\"center-center\",\"position_sticky_breakpoint\":\"m\"},\"children\":[{\"type\":\"divider\",\"props\":{\"divider_element\":\"div\",\"divider_style\":\"icon\",\"position\":\"absolute\"}}]}]}]},{\"type\":\"section\",\"props\":{\"image_position\":\"center-center\",\"style\":\"default\",\"title_breakpoint\":\"xl\",\"title_position\":\"top-left\",\"title_rotation\":\"left\",\"vertical_align\":\"\",\"width\":\"default\"},\"children\":[{\"type\":\"row\",\"children\":[{\"type\":\"column\",\"props\":{\"image_position\":\"center-center\",\"position_sticky_breakpoint\":\"m\"}}]}]}],\"version\":\"4.4.12\"} --><\/p>\n","protected":false},"excerpt":{"rendered":"<p>Intro HEC Toolbox BO\u00ceTE \u00c0 OUTILS POUR FAVORISER LA COEXISTENCE HOMME-\u00c9L\u00c9PHANT.CONSEILS, ACTIONS ET OUTILS POUR LIMITER LES CONFLITS AVEC LES \u00c9L\u00c9PHANTS. COMPRENDRE LE CONFLIT Passez beaucoup de temps avec les membres de la communaut\u00e9 qui sont en conflit avec les \u00e9l\u00e9phants. Combien de conflits se produisent et dans quel laps de temps? Est-ce que ce [&hellip;]<\/p>\n","protected":false},"author":3,"featured_media":0,"parent":0,"menu_order":0,"comment_status":"closed","ping_status":"closed","template":"","meta":{"_acf_changed":false,"_themeisle_gutenberg_block_has_review":false,"footnotes":""},"class_list":["post-1780","page","type-page","status-publish","hentry"],"acf":[],"_links":{"self":[{"href":"https:\/\/ste-coexistence-toolbox.info\/fr\/wp-json\/wp\/v2\/pages\/1780","targetHints":{"allow":["GET"]}}],"collection":[{"href":"https:\/\/ste-coexistence-toolbox.info\/fr\/wp-json\/wp\/v2\/pages"}],"about":[{"href":"https:\/\/ste-coexistence-toolbox.info\/fr\/wp-json\/wp\/v2\/types\/page"}],"author":[{"embeddable":true,"href":"https:\/\/ste-coexistence-toolbox.info\/fr\/wp-json\/wp\/v2\/users\/3"}],"replies":[{"embeddable":true,"href":"https:\/\/ste-coexistence-toolbox.info\/fr\/wp-json\/wp\/v2\/comments?post=1780"}],"version-history":[{"count":7,"href":"https:\/\/ste-coexistence-toolbox.info\/fr\/wp-json\/wp\/v2\/pages\/1780\/revisions"}],"predecessor-version":[{"id":3044,"href":"https:\/\/ste-coexistence-toolbox.info\/fr\/wp-json\/wp\/v2\/pages\/1780\/revisions\/3044"}],"wp:attachment":[{"href":"https:\/\/ste-coexistence-toolbox.info\/fr\/wp-json\/wp\/v2\/media?parent=1780"}],"curies":[{"name":"wp","href":"https:\/\/api.w.org\/{rel}","templated":true}]}}